{"id":2723,"date":"2026-01-22T09:18:00","date_gmt":"2026-01-22T09:18:00","guid":{"rendered":"https:\/\/new.martec.swiss\/mentions-legales\/"},"modified":"2026-03-24T08:41:06","modified_gmt":"2026-03-24T08:41:06","slug":"mentions-legales","status":"publish","type":"page","link":"https:\/\/martec.swiss\/fr-ch\/mentions-legales\/","title":{"rendered":"Mentions l\u00e9gales"},"content":{"rendered":"\t\t<div data-elementor-type=\"wp-page\" data-elementor-id=\"2723\" class=\"elementor elementor-2723 elementor-700\" data-elementor-post-type=\"page\">\n\t\t\t\t<div class=\"elementor-element elementor-element-8ef8fa9 e-flex e-con-boxed e-con e-parent\" data-id=\"8ef8fa9\" data-element_type=\"container\" data-settings=\"{&quot;background_background&quot;:&quot;classic&quot;}\">\n\t\t\t\t\t<div class=\"e-con-inner\">\n\t\t<div class=\"elementor-element elementor-element-a3836b0 e-con-full e-flex e-con e-child\" data-id=\"a3836b0\" data-element_type=\"container\">\n\t\t<div class=\"elementor-element elementor-element-7c328ca e-con-full elementor-hidden-tablet elementor-hidden-mobile e-flex e-con e-child\" data-id=\"7c328ca\" data-element_type=\"container\">\n\t\t\t\t<div class=\"elementor-element elementor-element-0be0f2c elementor-view-default elementor-widget elementor-widget-icon\" data-id=\"0be0f2c\" data-element_type=\"widget\" data-widget_type=\"icon.default\">\n\t\t\t\t\t\t\t<div class=\"elementor-icon-wrapper\">\n\t\t\t<div class=\"elementor-icon\">\n\t\t\t<svg xmlns=\"http:\/\/www.w3.org\/2000\/svg\" width=\"22\" height=\"29\" viewBox=\"0 0 22 29\" fill=\"none\"><path d=\"M1.25 0V18.0767H20.1875\" stroke=\"#E72531\" stroke-width=\"2.5\"><\/path><path d=\"M10.7188 8.60791L20.1875 18.0767L10.7187 27.5454\" stroke=\"#E72531\" stroke-width=\"2.5\"><\/path><\/svg>\t\t\t<\/div>\n\t\t<\/div>\n\t\t\t\t\t\t<\/div>\n\t\t\t\t<div class=\"elementor-element elementor-element-3c9a4af elementor-widget elementor-widget-heading\" data-id=\"3c9a4af\" data-element_type=\"widget\" data-widget_type=\"heading.default\">\n\t\t\t\t\t<h2 class=\"elementor-heading-title elementor-size-default\">Martec Handels AG<\/h2>\t\t\t\t<\/div>\n\t\t\t\t<\/div>\n\t\t<div class=\"elementor-element elementor-element-54ea4ac e-con-full e-flex e-con e-child\" data-id=\"54ea4ac\" data-element_type=\"container\">\n\t\t\t\t<div class=\"elementor-element elementor-element-50b6407 elementor-widget elementor-widget-heading\" data-id=\"50b6407\" data-element_type=\"widget\" data-widget_type=\"heading.default\">\n\t\t\t\t\t<h2 class=\"elementor-heading-title elementor-size-default\">Mentions l\u00e9gales<\/h2>\t\t\t\t<\/div>\n\t\t\t\t<div class=\"elementor-element elementor-element-4090be8 elementor-widget elementor-widget-text-editor\" data-id=\"4090be8\" data-element_type=\"widget\" data-widget_type=\"text-editor.default\">\n\t\t\t\t\t\t\t\t\t<p>Responsable du contenu de ce site web et des produits propos\u00e9s :<\/p><p> <\/p><p><strong>Martec Handels AG<\/strong><br>Samstagernstrasse 45<br>CH-8832 Wollerau<br>T\u00e9l. : +41 44 783 95 30<br>info@martec.swiss<\/p><p><strong>Martec Europa GmbH<\/strong><br>Turmstrasse 11<br>DE-78467 Konstanz<br>T\u00e9l. : +49 7531 5848344<\/p>\t\t\t\t\t\t\t\t<\/div>\n\t\t\t\t<\/div>\n\t\t\t\t<\/div>\n\t\t\t\t\t<\/div>\n\t\t\t\t<\/div>\n\t\t\t\t<\/div>\n\t\t","protected":false},"excerpt":{"rendered":"<p>Martec Handels AG Mentions l\u00e9gales Responsable du contenu de ce site web et des produits propos\u00e9s : Martec Handels AGSamstagernstrasse 45CH-8832 WollerauT\u00e9l. : +41 44 783 95 30info@martec.swiss Martec Europa GmbHTurmstrasse 11DE-78467 KonstanzT\u00e9l. : +49 7531 5848344<\/p>\n","protected":false},"author":1,"featured_media":0,"parent":0,"menu_order":0,"comment_status":"closed","ping_status":"closed","template":"elementor_header_footer","meta":{"_acf_changed":false,"footnotes":""},"class_list":["post-2723","page","type-page","status-publish","hentry"],"acf":[],"_links":{"self":[{"href":"https:\/\/martec.swiss\/fr-ch\/wp-json\/wp\/v2\/pages\/2723","targetHints":{"allow":["GET"]}}],"collection":[{"href":"https:\/\/martec.swiss\/fr-ch\/wp-json\/wp\/v2\/pages"}],"about":[{"href":"https:\/\/martec.swiss\/fr-ch\/wp-json\/wp\/v2\/types\/page"}],"author":[{"embeddable":true,"href":"https:\/\/martec.swiss\/fr-ch\/wp-json\/wp\/v2\/users\/1"}],"replies":[{"embeddable":true,"href":"https:\/\/martec.swiss\/fr-ch\/wp-json\/wp\/v2\/comments?post=2723"}],"version-history":[{"count":2,"href":"https:\/\/martec.swiss\/fr-ch\/wp-json\/wp\/v2\/pages\/2723\/revisions"}],"predecessor-version":[{"id":2726,"href":"https:\/\/martec.swiss\/fr-ch\/wp-json\/wp\/v2\/pages\/2723\/revisions\/2726"}],"wp:attachment":[{"href":"https:\/\/martec.swiss\/fr-ch\/wp-json\/wp\/v2\/media?parent=2723"}],"curies":[{"name":"wp","href":"https:\/\/api.w.org\/{rel}","templated":true}]}}